{"id":3668,"date":"2021-06-17T18:19:02","date_gmt":"2021-06-17T16:19:02","guid":{"rendered":"https:\/\/test.personalenduro.jimenezhidalgo.es\/?page_id=3668"},"modified":"2021-08-02T17:08:24","modified_gmt":"2021-08-02T15:08:24","slug":"piscina","status":"publish","type":"page","link":"https:\/\/personalenduro.com\/en\/actividades-para-acompanantes\/piscina\/","title":{"rendered":"Pool"},"content":{"rendered":"<p>In summer we have a swimming pool just 3km from the circuit, in the <strong><a aria-label=\"La Fuensanta Restaurant (opens in a new tab)\" href=\"https:\/\/www.google.com\/maps\/place\/RESTAURANTE+HOSTAL+RURAL+LA+FUENSANTA\/@40.5708609,-3.057911,17z\/data=!3m1!4b1!4m8!3m7!1s0xd42ffb115c96e6f:0xd5f13b9877421e01!5m2!4m1!1i2!8m2!3d40.5708769!4d-3.055881\" target=\"_blank\" rel=\"noreferrer noopener\" class=\"ek-link\">La Fuensanta Restaurant<\/a><\/strong> in Horche, because what better than having a drink and a bath after a morning of school.<\/p>\n\n\n\n<p>In addition, companions can also hang out there while our clients take the courses, so everyone is sure to have an exceptional summer day.<\/p>\n\n\n\n<figure class=\"wp-block-image size-large\"><img fetchpriority=\"high\" decoding=\"async\" width=\"1024\" height=\"576\" src=\"https:\/\/personalenduro.com\/wp-content\/uploads\/2021\/06\/Piscina-1-1024x576.jpg\" alt=\"\" class=\"wp-image-3671\" srcset=\"https:\/\/personalenduro.com\/wp-content\/uploads\/2021\/06\/Piscina-1-1024x576.jpg 1024w, https:\/\/personalenduro.com\/wp-content\/uploads\/2021\/06\/Piscina-1-300x169.jpg 300w, https:\/\/personalenduro.com\/wp-content\/uploads\/2021\/06\/Piscina-1-768x432.jpg 768w, https:\/\/personalenduro.com\/wp-content\/uploads\/2021\/06\/Piscina-1.jpg 1366w\" sizes=\"(max-width: 1024px) 100vw, 1024px\" \/><\/figure>","protected":false},"excerpt":{"rendered":"<p>In summer we have a swimming pool just 3km from the circuit, at the La Fuensanta Restaurant in Horche, because what could be better than having a drink and a swim after a morning of classes. In addition, companions can also spend time there while our clients take the courses, so everyone is sure to have a great day [\u2026]<\/p>","protected":false},"author":2,"featured_media":3669,"parent":355,"menu_order":0,"comment_status":"closed","ping_status":"closed","template":"","meta":{"_editorskit_title_hidden":false,"_editorskit_reading_time":1,"_editorskit_is_block_options_detached":false,"_editorskit_block_options_position":"{}","footnotes":""},"categories":[67],"tags":[],"class_list":["post-3668","page","type-page","status-publish","has-post-thumbnail","hentry","category-actividades-para-acompanantes"],"yoast_head":"<!-- This site is optimized with the Yoast SEO plugin v27.3 - https:\/\/yoast.com\/product\/yoast-seo-wordpress\/ -->\n<title>Piscina - Personal Enduro, cursos de moto Off-Road: Enduro, Trail, Motocross<\/title>\n<meta name=\"robots\" content=\"index, follow, max-snippet:-1, max-image-preview:large, max-video-preview:-1\" \/>\n<link rel=\"canonical\" href=\"https:\/\/personalenduro.com\/en\/actividades-para-acompanantes\/piscina\/\" \/>\n<meta property=\"og:locale\" content=\"en_GB\" \/>\n<meta property=\"og:type\" content=\"article\" \/>\n<meta property=\"og:title\" content=\"Piscina - Personal Enduro, cursos de moto Off-Road: Enduro, Trail, Motocross\" \/>\n<meta property=\"og:description\" content=\"En verano disponemos de piscina a solo 3km del circuito, en el Restaurante La Fuensanta en Horche, porque qu\u00e9 mejor que tomar algo y darse un ba\u00f1o despu\u00e9s de una ma\u00f1ana de curso. Adem\u00e1s, tambi\u00e9n los acompa\u00f1antes pueden pasar all\u00ed el rato mientras nuestros clientes realizan los cursos, as\u00ed seguro que todos pasan un d\u00eda [&hellip;]\" \/>\n<meta property=\"og:url\" content=\"https:\/\/personalenduro.com\/en\/actividades-para-acompanantes\/piscina\/\" \/>\n<meta property=\"og:site_name\" content=\"Personal Enduro, cursos de moto Off-Road: Enduro, Trail, Motocross\" \/>\n<meta property=\"article:publisher\" content=\"http:\/\/www.facebook.com\/PersonalEnduro\" \/>\n<meta property=\"article:modified_time\" content=\"2021-08-02T15:08:24+00:00\" \/>\n<meta property=\"og:image\" content=\"https:\/\/personalenduro.com\/wp-content\/uploads\/2021\/06\/Piscina.jpg\" \/>\n\t<meta property=\"og:image:width\" content=\"1366\" \/>\n\t<meta property=\"og:image:height\" content=\"768\" \/>\n\t<meta property=\"og:image:type\" content=\"image\/jpeg\" \/>\n<meta name=\"twitter:card\" content=\"summary_large_image\" \/>\n<meta name=\"twitter:label1\" content=\"Estimated reading time\" \/>\n\t<meta name=\"twitter:data1\" content=\"1 minute\" \/>\n<script type=\"application\/ld+json\" class=\"yoast-schema-graph\">{\"@context\":\"https:\\\/\\\/schema.org\",\"@graph\":[{\"@type\":\"WebPage\",\"@id\":\"https:\\\/\\\/personalenduro.com\\\/actividades-para-acompanantes\\\/piscina\\\/\",\"url\":\"https:\\\/\\\/personalenduro.com\\\/actividades-para-acompanantes\\\/piscina\\\/\",\"name\":\"Piscina - Personal Enduro, cursos de moto Off-Road: Enduro, Trail, Motocross\",\"isPartOf\":{\"@id\":\"https:\\\/\\\/personalenduro.com\\\/#website\"},\"primaryImageOfPage\":{\"@id\":\"https:\\\/\\\/personalenduro.com\\\/actividades-para-acompanantes\\\/piscina\\\/#primaryimage\"},\"image\":{\"@id\":\"https:\\\/\\\/personalenduro.com\\\/actividades-para-acompanantes\\\/piscina\\\/#primaryimage\"},\"thumbnailUrl\":\"https:\\\/\\\/personalenduro.com\\\/wp-content\\\/uploads\\\/2021\\\/06\\\/Piscina.jpg\",\"datePublished\":\"2021-06-17T16:19:02+00:00\",\"dateModified\":\"2021-08-02T15:08:24+00:00\",\"breadcrumb\":{\"@id\":\"https:\\\/\\\/personalenduro.com\\\/actividades-para-acompanantes\\\/piscina\\\/#breadcrumb\"},\"inLanguage\":\"en-GB\",\"potentialAction\":[{\"@type\":\"ReadAction\",\"target\":[\"https:\\\/\\\/personalenduro.com\\\/actividades-para-acompanantes\\\/piscina\\\/\"]}]},{\"@type\":\"ImageObject\",\"inLanguage\":\"en-GB\",\"@id\":\"https:\\\/\\\/personalenduro.com\\\/actividades-para-acompanantes\\\/piscina\\\/#primaryimage\",\"url\":\"https:\\\/\\\/personalenduro.com\\\/wp-content\\\/uploads\\\/2021\\\/06\\\/Piscina.jpg\",\"contentUrl\":\"https:\\\/\\\/personalenduro.com\\\/wp-content\\\/uploads\\\/2021\\\/06\\\/Piscina.jpg\",\"width\":1366,\"height\":768,\"caption\":\"Foto de una piscina\"},{\"@type\":\"BreadcrumbList\",\"@id\":\"https:\\\/\\\/personalenduro.com\\\/actividades-para-acompanantes\\\/piscina\\\/#breadcrumb\",\"itemListElement\":[{\"@type\":\"ListItem\",\"position\":1,\"name\":\"Portada\",\"item\":\"https:\\\/\\\/personalenduro.com\\\/\"},{\"@type\":\"ListItem\",\"position\":2,\"name\":\"Actividades para acompa\u00f1antes\",\"item\":\"https:\\\/\\\/personalenduro.com\\\/actividades-para-acompanantes\\\/\"},{\"@type\":\"ListItem\",\"position\":3,\"name\":\"Piscina\"}]},{\"@type\":\"WebSite\",\"@id\":\"https:\\\/\\\/personalenduro.com\\\/#website\",\"url\":\"https:\\\/\\\/personalenduro.com\\\/\",\"name\":\"Personal Enduro, cursos de moto Off-Road: Enduro, Trail, Motocross\",\"description\":\"Personal Enduro: cursos de Enduro, Trail y Motocross\",\"publisher\":{\"@id\":\"https:\\\/\\\/personalenduro.com\\\/#organization\"},\"potentialAction\":[{\"@type\":\"SearchAction\",\"target\":{\"@type\":\"EntryPoint\",\"urlTemplate\":\"https:\\\/\\\/personalenduro.com\\\/?s={search_term_string}\"},\"query-input\":{\"@type\":\"PropertyValueSpecification\",\"valueRequired\":true,\"valueName\":\"search_term_string\"}}],\"inLanguage\":\"en-GB\"},{\"@type\":\"Organization\",\"@id\":\"https:\\\/\\\/personalenduro.com\\\/#organization\",\"name\":\"Personal Enduro: cursos de Enduro, Trail y Motocross\",\"url\":\"https:\\\/\\\/personalenduro.com\\\/\",\"logo\":{\"@type\":\"ImageObject\",\"inLanguage\":\"en-GB\",\"@id\":\"https:\\\/\\\/personalenduro.com\\\/#\\\/schema\\\/logo\\\/image\\\/\",\"url\":\"https:\\\/\\\/personalenduro.com\\\/wp-content\\\/uploads\\\/2021\\\/03\\\/LogoPersonalEnduroSucio.png\",\"contentUrl\":\"https:\\\/\\\/personalenduro.com\\\/wp-content\\\/uploads\\\/2021\\\/03\\\/LogoPersonalEnduroSucio.png\",\"width\":1538,\"height\":400,\"caption\":\"Personal Enduro: cursos de Enduro, Trail y Motocross\"},\"image\":{\"@id\":\"https:\\\/\\\/personalenduro.com\\\/#\\\/schema\\\/logo\\\/image\\\/\"},\"sameAs\":[\"http:\\\/\\\/www.facebook.com\\\/PersonalEnduro\",\"https:\\\/\\\/www.youtube.com\\\/user\\\/PersonalEnduro\"]}]}<\/script>\n<!-- \/ Yoast SEO plugin. -->","yoast_head_json":{"title":"Piscina - Personal Enduro, cursos de moto Off-Road: Enduro, Trail, Motocross","robots":{"index":"index","follow":"follow","max-snippet":"max-snippet:-1","max-image-preview":"max-image-preview:large","max-video-preview":"max-video-preview:-1"},"canonical":"https:\/\/personalenduro.com\/en\/actividades-para-acompanantes\/piscina\/","og_locale":"en_GB","og_type":"article","og_title":"Piscina - Personal Enduro, cursos de moto Off-Road: Enduro, Trail, Motocross","og_description":"En verano disponemos de piscina a solo 3km del circuito, en el Restaurante La Fuensanta en Horche, porque qu\u00e9 mejor que tomar algo y darse un ba\u00f1o despu\u00e9s de una ma\u00f1ana de curso. Adem\u00e1s, tambi\u00e9n los acompa\u00f1antes pueden pasar all\u00ed el rato mientras nuestros clientes realizan los cursos, as\u00ed seguro que todos pasan un d\u00eda [&hellip;]","og_url":"https:\/\/personalenduro.com\/en\/actividades-para-acompanantes\/piscina\/","og_site_name":"Personal Enduro, cursos de moto Off-Road: Enduro, Trail, Motocross","article_publisher":"http:\/\/www.facebook.com\/PersonalEnduro","article_modified_time":"2021-08-02T15:08:24+00:00","og_image":[{"width":1366,"height":768,"url":"https:\/\/personalenduro.com\/wp-content\/uploads\/2021\/06\/Piscina.jpg","type":"image\/jpeg"}],"twitter_card":"summary_large_image","twitter_misc":{"Estimated reading time":"1 minute"},"schema":{"@context":"https:\/\/schema.org","@graph":[{"@type":"WebPage","@id":"https:\/\/personalenduro.com\/actividades-para-acompanantes\/piscina\/","url":"https:\/\/personalenduro.com\/actividades-para-acompanantes\/piscina\/","name":"Piscina - Personal Enduro, cursos de moto Off-Road: Enduro, Trail, Motocross","isPartOf":{"@id":"https:\/\/personalenduro.com\/#website"},"primaryImageOfPage":{"@id":"https:\/\/personalenduro.com\/actividades-para-acompanantes\/piscina\/#primaryimage"},"image":{"@id":"https:\/\/personalenduro.com\/actividades-para-acompanantes\/piscina\/#primaryimage"},"thumbnailUrl":"https:\/\/personalenduro.com\/wp-content\/uploads\/2021\/06\/Piscina.jpg","datePublished":"2021-06-17T16:19:02+00:00","dateModified":"2021-08-02T15:08:24+00:00","breadcrumb":{"@id":"https:\/\/personalenduro.com\/actividades-para-acompanantes\/piscina\/#breadcrumb"},"inLanguage":"en-GB","potentialAction":[{"@type":"ReadAction","target":["https:\/\/personalenduro.com\/actividades-para-acompanantes\/piscina\/"]}]},{"@type":"ImageObject","inLanguage":"en-GB","@id":"https:\/\/personalenduro.com\/actividades-para-acompanantes\/piscina\/#primaryimage","url":"https:\/\/personalenduro.com\/wp-content\/uploads\/2021\/06\/Piscina.jpg","contentUrl":"https:\/\/personalenduro.com\/wp-content\/uploads\/2021\/06\/Piscina.jpg","width":1366,"height":768,"caption":"Foto de una piscina"},{"@type":"BreadcrumbList","@id":"https:\/\/personalenduro.com\/actividades-para-acompanantes\/piscina\/#breadcrumb","itemListElement":[{"@type":"ListItem","position":1,"name":"Portada","item":"https:\/\/personalenduro.com\/"},{"@type":"ListItem","position":2,"name":"Actividades para acompa\u00f1antes","item":"https:\/\/personalenduro.com\/actividades-para-acompanantes\/"},{"@type":"ListItem","position":3,"name":"Piscina"}]},{"@type":"WebSite","@id":"https:\/\/personalenduro.com\/#website","url":"https:\/\/personalenduro.com\/","name":"Personal Enduro, cursos de moto Off-Road: Enduro, Trail, Motocross","description":"Personal Enduro: cursos de Enduro, Trail y Motocross","publisher":{"@id":"https:\/\/personalenduro.com\/#organization"},"potentialAction":[{"@type":"SearchAction","target":{"@type":"EntryPoint","urlTemplate":"https:\/\/personalenduro.com\/?s={search_term_string}"},"query-input":{"@type":"PropertyValueSpecification","valueRequired":true,"valueName":"search_term_string"}}],"inLanguage":"en-GB"},{"@type":"Organization","@id":"https:\/\/personalenduro.com\/#organization","name":"Personal Enduro: cursos de Enduro, Trail y Motocross","url":"https:\/\/personalenduro.com\/","logo":{"@type":"ImageObject","inLanguage":"en-GB","@id":"https:\/\/personalenduro.com\/#\/schema\/logo\/image\/","url":"https:\/\/personalenduro.com\/wp-content\/uploads\/2021\/03\/LogoPersonalEnduroSucio.png","contentUrl":"https:\/\/personalenduro.com\/wp-content\/uploads\/2021\/03\/LogoPersonalEnduroSucio.png","width":1538,"height":400,"caption":"Personal Enduro: cursos de Enduro, Trail y Motocross"},"image":{"@id":"https:\/\/personalenduro.com\/#\/schema\/logo\/image\/"},"sameAs":["http:\/\/www.facebook.com\/PersonalEnduro","https:\/\/www.youtube.com\/user\/PersonalEnduro"]}]}},"_links":{"self":[{"href":"https:\/\/personalenduro.com\/en\/wp-json\/wp\/v2\/pages\/3668","targetHints":{"allow":["GET"]}}],"collection":[{"href":"https:\/\/personalenduro.com\/en\/wp-json\/wp\/v2\/pages"}],"about":[{"href":"https:\/\/personalenduro.com\/en\/wp-json\/wp\/v2\/types\/page"}],"author":[{"embeddable":true,"href":"https:\/\/personalenduro.com\/en\/wp-json\/wp\/v2\/users\/2"}],"replies":[{"embeddable":true,"href":"https:\/\/personalenduro.com\/en\/wp-json\/wp\/v2\/comments?post=3668"}],"version-history":[{"count":4,"href":"https:\/\/personalenduro.com\/en\/wp-json\/wp\/v2\/pages\/3668\/revisions"}],"predecessor-version":[{"id":4513,"href":"https:\/\/personalenduro.com\/en\/wp-json\/wp\/v2\/pages\/3668\/revisions\/4513"}],"up":[{"embeddable":true,"href":"https:\/\/personalenduro.com\/en\/wp-json\/wp\/v2\/pages\/355"}],"wp:featuredmedia":[{"embeddable":true,"href":"https:\/\/personalenduro.com\/en\/wp-json\/wp\/v2\/media\/3669"}],"wp:attachment":[{"href":"https:\/\/personalenduro.com\/en\/wp-json\/wp\/v2\/media?parent=3668"}],"wp:term":[{"taxonomy":"category","embeddable":true,"href":"https:\/\/personalenduro.com\/en\/wp-json\/wp\/v2\/categories?post=3668"},{"taxonomy":"post_tag","embeddable":true,"href":"https:\/\/personalenduro.com\/en\/wp-json\/wp\/v2\/tags?post=3668"}],"curies":[{"name":"wp","href":"https:\/\/api.w.org\/{rel}","templated":true}]}}