{"id":364,"date":"2021-03-28T11:18:42","date_gmt":"2021-03-28T11:18:42","guid":{"rendered":"https:\/\/test.personalenduro.jimenezhidalgo.es\/?page_id=364"},"modified":"2021-06-17T12:48:28","modified_gmt":"2021-06-17T10:48:28","slug":"alojamiento","status":"publish","type":"page","link":"https:\/\/personalenduro.com\/en\/otros-servicios\/alojamiento\/","title":{"rendered":"Accommodation"},"content":{"rendered":"<p>Within the hotel offer in Guadalajara, the hotels that are best suited to come to our courses due to their location and parking area are those detailed below. Likewise, there are also different rural houses in the area.<\/p>\n\n\n\n<p><strong>Hostal Rural La Fuensanta<\/strong>, located very close to the circuit <strong>-4 minutes to the circuit-<\/strong> in a unique place. It has a swimming pool, restaurant and meets the requirements of a quiet place away from the city.<br><em><span style=\"text-decoration: underline;\" class=\"ek-underline\">Address and contact:<\/span><\/em> <em>Ctra. N-320, km 259, 19140 Horche, Guadalajara<\/em>. <em>T.:949290191 \u2013 686468447<\/em><br><a aria-label=\" (opens in a new tab)\" href=\"http:\/\/www.lafuensanta.com\/index.php\/es\/\" target=\"_blank\" rel=\"noreferrer noopener\" class=\"ek-link\"><strong>See website.<\/strong><\/a><\/p>\n\n\n\n<figure class=\"wp-block-image size-large\"><img fetchpriority=\"high\" decoding=\"async\" width=\"1024\" height=\"640\" src=\"https:\/\/personalenduro.com\/wp-content\/uploads\/2021\/06\/La-Fuensanta-Horche-1024x640.jpg\" alt=\"\" class=\"wp-image-3620\" srcset=\"https:\/\/personalenduro.com\/wp-content\/uploads\/2021\/06\/La-Fuensanta-Horche-1024x640.jpg 1024w, https:\/\/personalenduro.com\/wp-content\/uploads\/2021\/06\/La-Fuensanta-Horche-300x188.jpg 300w, https:\/\/personalenduro.com\/wp-content\/uploads\/2021\/06\/La-Fuensanta-Horche-768x480.jpg 768w, https:\/\/personalenduro.com\/wp-content\/uploads\/2021\/06\/La-Fuensanta-Horche.jpg 1280w\" sizes=\"(max-width: 1024px) 100vw, 1024px\" \/><\/figure>\n\n\n\n<p><strong>Hotel TRYP Guadalajara 4*<\/strong>\u00a0Located at the main entrance of Guadalajara, close to commercial areas, with good communication to travel to the different circuits. <strong>-10 min to the circuit-<\/strong>, at exit 55 of the A2 Highway.<br><em><u>Address and contact:<\/u>\u00a0Avenida Eduardo Guiti\u00e1n, 7. Guadalajara. T.: 949 20 93 00 @.:\u00a0<a href=\"mailto:reservas.tryp@hotelguadalajara.com\">reserva.tryp@hotelguadalajara.com<\/a><\/em><br><a aria-label=\" (opens in a new tab)\" href=\"https:\/\/www.melia.com\/es\/hoteles\/espana\/guadalajara\/tryp-guadalajara-hotel\/index.htm\" target=\"_blank\" rel=\"noreferrer noopener\" class=\"ek-link\"><strong>See website.<\/strong><\/a><\/p>\n\n\n\n<figure class=\"wp-block-image size-large\"><img decoding=\"async\" width=\"1024\" height=\"640\" src=\"https:\/\/personalenduro.com\/wp-content\/uploads\/2021\/06\/Hotel-Tryp-Guadalajara-1024x640.jpg\" alt=\"\" class=\"wp-image-3621\" srcset=\"https:\/\/personalenduro.com\/wp-content\/uploads\/2021\/06\/Hotel-Tryp-Guadalajara-1024x640.jpg 1024w, https:\/\/personalenduro.com\/wp-content\/uploads\/2021\/06\/Hotel-Tryp-Guadalajara-300x188.jpg 300w, https:\/\/personalenduro.com\/wp-content\/uploads\/2021\/06\/Hotel-Tryp-Guadalajara-768x480.jpg 768w, https:\/\/personalenduro.com\/wp-content\/uploads\/2021\/06\/Hotel-Tryp-Guadalajara.jpg 1280w\" sizes=\"(max-width: 1024px) 100vw, 1024px\" \/><\/figure>\n\n\n\n<p><strong>Hotel PAX Guadalajara 4*<\/strong>\u00a0located in the new residential area of the city of Guadalajara, with very easy entry and exit to the A-2 Highway (Barcelona-Zaragoza-Madrid) at kilometer 56 in both directions <strong>-15min to the circuit-<\/strong>.<br><em><u>Address and contact:<\/u>\u00a0Avenida de Venezuela, 15. Guadalajara. T.: 949 24 80 60 @.:\u00a0<a href=\"mailto:reservas@paxguadalajara.com\">reserva@paxguadalajara.com<\/a><\/em><br><a aria-label=\" (opens in a new tab)\" href=\"https:\/\/www.paxhoteles.com\/es\/hotel-pax-guadalajara\/\" target=\"_blank\" rel=\"noreferrer noopener\" class=\"ek-link\"><strong>See website.<\/strong><\/a><\/p>\n\n\n\n<figure class=\"wp-block-image size-large\"><img decoding=\"async\" width=\"1024\" height=\"640\" src=\"https:\/\/personalenduro.com\/wp-content\/uploads\/2021\/06\/Hotel-Pax-Guadalajara-1024x640.jpg\" alt=\"\" class=\"wp-image-3622\" srcset=\"https:\/\/personalenduro.com\/wp-content\/uploads\/2021\/06\/Hotel-Pax-Guadalajara-1024x640.jpg 1024w, https:\/\/personalenduro.com\/wp-content\/uploads\/2021\/06\/Hotel-Pax-Guadalajara-300x188.jpg 300w, https:\/\/personalenduro.com\/wp-content\/uploads\/2021\/06\/Hotel-Pax-Guadalajara-768x480.jpg 768w, https:\/\/personalenduro.com\/wp-content\/uploads\/2021\/06\/Hotel-Pax-Guadalajara.jpg 1280w\" sizes=\"(max-width: 1024px) 100vw, 1024px\" \/><\/figure>\n\n\n\n<p><strong>Hotel IRIS Guadalajara 2*<\/strong>\u00a0Located in the El Balconcillo industrial estate in Guadalajara, 2 minutes by car from the city center <strong>-15 minutes to the circuit-<\/strong>. It is very close to the A2 Madrid \u2013 Barcelona highway at exit 52B.<br><em><u>Address and contact:<\/u>\u00a0Trafalgar Street, 74 Pol. Industrial El Balconcillo. Guadalajara. T.: 949 20 20 80 @.:\u00a0<a href=\"mailto:reservas@hotel-iris-guadalajara.com\">reservations@hotel-iris-guadalajara.com<\/a><\/em><br><a aria-label=\" (opens in a new tab)\" href=\"https:\/\/www.hotel-iris-guadalajara.com\/\" target=\"_blank\" rel=\"noreferrer noopener\" class=\"ek-link\"><strong>See website.<\/strong><\/a><\/p>\n\n\n\n<figure class=\"wp-block-image size-large\"><img loading=\"lazy\" decoding=\"async\" width=\"1024\" height=\"640\" src=\"https:\/\/personalenduro.com\/wp-content\/uploads\/2021\/06\/Hotel-Iris-Guadalajara-1024x640.jpg\" alt=\"\" class=\"wp-image-3623\" srcset=\"https:\/\/personalenduro.com\/wp-content\/uploads\/2021\/06\/Hotel-Iris-Guadalajara-1024x640.jpg 1024w, https:\/\/personalenduro.com\/wp-content\/uploads\/2021\/06\/Hotel-Iris-Guadalajara-300x188.jpg 300w, https:\/\/personalenduro.com\/wp-content\/uploads\/2021\/06\/Hotel-Iris-Guadalajara-768x480.jpg 768w, https:\/\/personalenduro.com\/wp-content\/uploads\/2021\/06\/Hotel-Iris-Guadalajara.jpg 1280w\" sizes=\"(max-width: 1024px) 100vw, 1024px\" \/><\/figure>","protected":false},"excerpt":{"rendered":"<p>Within the hotel offer in Guadalajara, the hotels that are best suited to come to our courses due to their location and parking area are those detailed below. Likewise, there are also different rural houses in the area. Hostal Rural La Fuensanta, located very close to the circuit -4 minutes from the circuit- in [\u2026]<\/p>","protected":false},"author":1,"featured_media":2696,"parent":358,"menu_order":0,"comment_status":"closed","ping_status":"closed","template":"","meta":{"_editorskit_title_hidden":false,"_editorskit_reading_time":1,"_editorskit_is_block_options_detached":false,"_editorskit_block_options_position":"{}","footnotes":""},"categories":[44],"tags":[],"class_list":["post-364","page","type-page","status-publish","has-post-thumbnail","hentry","category-otros-servicios"],"yoast_head":"<!-- This site is optimized with the Yoast SEO plugin v27.4 - https:\/\/yoast.com\/product\/yoast-seo-wordpress\/ -->\n<title>Alojamiento - Personal Enduro, cursos de moto Off-Road: Enduro, Trail, Motocross<\/title>\n<meta name=\"robots\" content=\"index, follow, max-snippet:-1, max-image-preview:large, max-video-preview:-1\" \/>\n<link rel=\"canonical\" href=\"https:\/\/personalenduro.com\/en\/otros-servicios\/alojamiento\/\" \/>\n<meta property=\"og:locale\" content=\"en_GB\" \/>\n<meta property=\"og:type\" content=\"article\" \/>\n<meta property=\"og:title\" content=\"Alojamiento - Personal Enduro, cursos de moto Off-Road: Enduro, Trail, Motocross\" \/>\n<meta property=\"og:description\" content=\"Dentro de la oferta hotelera de Guadalajara, los hoteles que mejor se adaptan para venir a nuestros cursos por su situaci\u00f3n y zona de parking son los que detallamos a continuaci\u00f3n. As\u00ed mismo, tambi\u00e9n existen diferentes casas rurales por la zona. Hostal Rural La Fuensanta, situado muy pr\u00f3ximo al circuito -4 minutos al circuito- en [&hellip;]\" \/>\n<meta property=\"og:url\" content=\"https:\/\/personalenduro.com\/en\/otros-servicios\/alojamiento\/\" \/>\n<meta property=\"og:site_name\" content=\"Personal Enduro, cursos de moto Off-Road: Enduro, Trail, Motocross\" \/>\n<meta property=\"article:publisher\" content=\"http:\/\/www.facebook.com\/PersonalEnduro\" \/>\n<meta property=\"article:modified_time\" content=\"2021-06-17T10:48:28+00:00\" \/>\n<meta property=\"og:image\" content=\"https:\/\/personalenduro.com\/wp-content\/uploads\/2021\/06\/alojamiento-scaled.jpg\" \/>\n\t<meta property=\"og:image:width\" content=\"2560\" \/>\n\t<meta property=\"og:image:height\" content=\"1707\" \/>\n\t<meta property=\"og:image:type\" content=\"image\/jpeg\" \/>\n<meta name=\"twitter:card\" content=\"summary_large_image\" \/>\n<meta name=\"twitter:label1\" content=\"Estimated reading time\" \/>\n\t<meta name=\"twitter:data1\" content=\"2 minutes\" \/>\n<script type=\"application\/ld+json\" class=\"yoast-schema-graph\">{\"@context\":\"https:\\\/\\\/schema.org\",\"@graph\":[{\"@type\":\"WebPage\",\"@id\":\"https:\\\/\\\/personalenduro.com\\\/otros-servicios\\\/alojamiento\\\/\",\"url\":\"https:\\\/\\\/personalenduro.com\\\/otros-servicios\\\/alojamiento\\\/\",\"name\":\"Alojamiento - Personal Enduro, cursos de moto Off-Road: Enduro, Trail, Motocross\",\"isPartOf\":{\"@id\":\"https:\\\/\\\/personalenduro.com\\\/#website\"},\"primaryImageOfPage\":{\"@id\":\"https:\\\/\\\/personalenduro.com\\\/otros-servicios\\\/alojamiento\\\/#primaryimage\"},\"image\":{\"@id\":\"https:\\\/\\\/personalenduro.com\\\/otros-servicios\\\/alojamiento\\\/#primaryimage\"},\"thumbnailUrl\":\"https:\\\/\\\/personalenduro.com\\\/wp-content\\\/uploads\\\/2021\\\/06\\\/alojamiento-scaled.jpg\",\"datePublished\":\"2021-03-28T11:18:42+00:00\",\"dateModified\":\"2021-06-17T10:48:28+00:00\",\"breadcrumb\":{\"@id\":\"https:\\\/\\\/personalenduro.com\\\/otros-servicios\\\/alojamiento\\\/#breadcrumb\"},\"inLanguage\":\"en-GB\",\"potentialAction\":[{\"@type\":\"ReadAction\",\"target\":[\"https:\\\/\\\/personalenduro.com\\\/otros-servicios\\\/alojamiento\\\/\"]}]},{\"@type\":\"ImageObject\",\"inLanguage\":\"en-GB\",\"@id\":\"https:\\\/\\\/personalenduro.com\\\/otros-servicios\\\/alojamiento\\\/#primaryimage\",\"url\":\"https:\\\/\\\/personalenduro.com\\\/wp-content\\\/uploads\\\/2021\\\/06\\\/alojamiento-scaled.jpg\",\"contentUrl\":\"https:\\\/\\\/personalenduro.com\\\/wp-content\\\/uploads\\\/2021\\\/06\\\/alojamiento-scaled.jpg\",\"width\":2560,\"height\":1707,\"caption\":\"Imagen de la cama de un hotel\"},{\"@type\":\"BreadcrumbList\",\"@id\":\"https:\\\/\\\/personalenduro.com\\\/otros-servicios\\\/alojamiento\\\/#breadcrumb\",\"itemListElement\":[{\"@type\":\"ListItem\",\"position\":1,\"name\":\"Portada\",\"item\":\"https:\\\/\\\/personalenduro.com\\\/\"},{\"@type\":\"ListItem\",\"position\":2,\"name\":\"Otros servicios\",\"item\":\"https:\\\/\\\/personalenduro.com\\\/otros-servicios\\\/\"},{\"@type\":\"ListItem\",\"position\":3,\"name\":\"Alojamiento\"}]},{\"@type\":\"WebSite\",\"@id\":\"https:\\\/\\\/personalenduro.com\\\/#website\",\"url\":\"https:\\\/\\\/personalenduro.com\\\/\",\"name\":\"Personal Enduro, cursos de moto Off-Road: Enduro, Trail, Motocross\",\"description\":\"Personal Enduro: cursos de Enduro, Trail y Motocross\",\"publisher\":{\"@id\":\"https:\\\/\\\/personalenduro.com\\\/#organization\"},\"potentialAction\":[{\"@type\":\"SearchAction\",\"target\":{\"@type\":\"EntryPoint\",\"urlTemplate\":\"https:\\\/\\\/personalenduro.com\\\/?s={search_term_string}\"},\"query-input\":{\"@type\":\"PropertyValueSpecification\",\"valueRequired\":true,\"valueName\":\"search_term_string\"}}],\"inLanguage\":\"en-GB\"},{\"@type\":\"Organization\",\"@id\":\"https:\\\/\\\/personalenduro.com\\\/#organization\",\"name\":\"Personal Enduro: cursos de Enduro, Trail y Motocross\",\"url\":\"https:\\\/\\\/personalenduro.com\\\/\",\"logo\":{\"@type\":\"ImageObject\",\"inLanguage\":\"en-GB\",\"@id\":\"https:\\\/\\\/personalenduro.com\\\/#\\\/schema\\\/logo\\\/image\\\/\",\"url\":\"https:\\\/\\\/personalenduro.com\\\/wp-content\\\/uploads\\\/2021\\\/03\\\/LogoPersonalEnduroSucio.png\",\"contentUrl\":\"https:\\\/\\\/personalenduro.com\\\/wp-content\\\/uploads\\\/2021\\\/03\\\/LogoPersonalEnduroSucio.png\",\"width\":1538,\"height\":400,\"caption\":\"Personal Enduro: cursos de Enduro, Trail y Motocross\"},\"image\":{\"@id\":\"https:\\\/\\\/personalenduro.com\\\/#\\\/schema\\\/logo\\\/image\\\/\"},\"sameAs\":[\"http:\\\/\\\/www.facebook.com\\\/PersonalEnduro\",\"https:\\\/\\\/www.youtube.com\\\/user\\\/PersonalEnduro\"]}]}<\/script>\n<!-- \/ Yoast SEO plugin. -->","yoast_head_json":{"title":"Alojamiento - Personal Enduro, cursos de moto Off-Road: Enduro, Trail, Motocross","robots":{"index":"index","follow":"follow","max-snippet":"max-snippet:-1","max-image-preview":"max-image-preview:large","max-video-preview":"max-video-preview:-1"},"canonical":"https:\/\/personalenduro.com\/en\/otros-servicios\/alojamiento\/","og_locale":"en_GB","og_type":"article","og_title":"Alojamiento - Personal Enduro, cursos de moto Off-Road: Enduro, Trail, Motocross","og_description":"Dentro de la oferta hotelera de Guadalajara, los hoteles que mejor se adaptan para venir a nuestros cursos por su situaci\u00f3n y zona de parking son los que detallamos a continuaci\u00f3n. As\u00ed mismo, tambi\u00e9n existen diferentes casas rurales por la zona. Hostal Rural La Fuensanta, situado muy pr\u00f3ximo al circuito -4 minutos al circuito- en [&hellip;]","og_url":"https:\/\/personalenduro.com\/en\/otros-servicios\/alojamiento\/","og_site_name":"Personal Enduro, cursos de moto Off-Road: Enduro, Trail, Motocross","article_publisher":"http:\/\/www.facebook.com\/PersonalEnduro","article_modified_time":"2021-06-17T10:48:28+00:00","og_image":[{"width":2560,"height":1707,"url":"https:\/\/personalenduro.com\/wp-content\/uploads\/2021\/06\/alojamiento-scaled.jpg","type":"image\/jpeg"}],"twitter_card":"summary_large_image","twitter_misc":{"Estimated reading time":"2 minutes"},"schema":{"@context":"https:\/\/schema.org","@graph":[{"@type":"WebPage","@id":"https:\/\/personalenduro.com\/otros-servicios\/alojamiento\/","url":"https:\/\/personalenduro.com\/otros-servicios\/alojamiento\/","name":"Alojamiento - Personal Enduro, cursos de moto Off-Road: Enduro, Trail, Motocross","isPartOf":{"@id":"https:\/\/personalenduro.com\/#website"},"primaryImageOfPage":{"@id":"https:\/\/personalenduro.com\/otros-servicios\/alojamiento\/#primaryimage"},"image":{"@id":"https:\/\/personalenduro.com\/otros-servicios\/alojamiento\/#primaryimage"},"thumbnailUrl":"https:\/\/personalenduro.com\/wp-content\/uploads\/2021\/06\/alojamiento-scaled.jpg","datePublished":"2021-03-28T11:18:42+00:00","dateModified":"2021-06-17T10:48:28+00:00","breadcrumb":{"@id":"https:\/\/personalenduro.com\/otros-servicios\/alojamiento\/#breadcrumb"},"inLanguage":"en-GB","potentialAction":[{"@type":"ReadAction","target":["https:\/\/personalenduro.com\/otros-servicios\/alojamiento\/"]}]},{"@type":"ImageObject","inLanguage":"en-GB","@id":"https:\/\/personalenduro.com\/otros-servicios\/alojamiento\/#primaryimage","url":"https:\/\/personalenduro.com\/wp-content\/uploads\/2021\/06\/alojamiento-scaled.jpg","contentUrl":"https:\/\/personalenduro.com\/wp-content\/uploads\/2021\/06\/alojamiento-scaled.jpg","width":2560,"height":1707,"caption":"Imagen de la cama de un hotel"},{"@type":"BreadcrumbList","@id":"https:\/\/personalenduro.com\/otros-servicios\/alojamiento\/#breadcrumb","itemListElement":[{"@type":"ListItem","position":1,"name":"Portada","item":"https:\/\/personalenduro.com\/"},{"@type":"ListItem","position":2,"name":"Otros servicios","item":"https:\/\/personalenduro.com\/otros-servicios\/"},{"@type":"ListItem","position":3,"name":"Alojamiento"}]},{"@type":"WebSite","@id":"https:\/\/personalenduro.com\/#website","url":"https:\/\/personalenduro.com\/","name":"Personal Enduro, cursos de moto Off-Road: Enduro, Trail, Motocross","description":"Personal Enduro: cursos de Enduro, Trail y Motocross","publisher":{"@id":"https:\/\/personalenduro.com\/#organization"},"potentialAction":[{"@type":"SearchAction","target":{"@type":"EntryPoint","urlTemplate":"https:\/\/personalenduro.com\/?s={search_term_string}"},"query-input":{"@type":"PropertyValueSpecification","valueRequired":true,"valueName":"search_term_string"}}],"inLanguage":"en-GB"},{"@type":"Organization","@id":"https:\/\/personalenduro.com\/#organization","name":"Personal Enduro: cursos de Enduro, Trail y Motocross","url":"https:\/\/personalenduro.com\/","logo":{"@type":"ImageObject","inLanguage":"en-GB","@id":"https:\/\/personalenduro.com\/#\/schema\/logo\/image\/","url":"https:\/\/personalenduro.com\/wp-content\/uploads\/2021\/03\/LogoPersonalEnduroSucio.png","contentUrl":"https:\/\/personalenduro.com\/wp-content\/uploads\/2021\/03\/LogoPersonalEnduroSucio.png","width":1538,"height":400,"caption":"Personal Enduro: cursos de Enduro, Trail y Motocross"},"image":{"@id":"https:\/\/personalenduro.com\/#\/schema\/logo\/image\/"},"sameAs":["http:\/\/www.facebook.com\/PersonalEnduro","https:\/\/www.youtube.com\/user\/PersonalEnduro"]}]}},"_links":{"self":[{"href":"https:\/\/personalenduro.com\/en\/wp-json\/wp\/v2\/pages\/364","targetHints":{"allow":["GET"]}}],"collection":[{"href":"https:\/\/personalenduro.com\/en\/wp-json\/wp\/v2\/pages"}],"about":[{"href":"https:\/\/personalenduro.com\/en\/wp-json\/wp\/v2\/types\/page"}],"author":[{"embeddable":true,"href":"https:\/\/personalenduro.com\/en\/wp-json\/wp\/v2\/users\/1"}],"replies":[{"embeddable":true,"href":"https:\/\/personalenduro.com\/en\/wp-json\/wp\/v2\/comments?post=364"}],"version-history":[{"count":6,"href":"https:\/\/personalenduro.com\/en\/wp-json\/wp\/v2\/pages\/364\/revisions"}],"predecessor-version":[{"id":3629,"href":"https:\/\/personalenduro.com\/en\/wp-json\/wp\/v2\/pages\/364\/revisions\/3629"}],"up":[{"embeddable":true,"href":"https:\/\/personalenduro.com\/en\/wp-json\/wp\/v2\/pages\/358"}],"wp:featuredmedia":[{"embeddable":true,"href":"https:\/\/personalenduro.com\/en\/wp-json\/wp\/v2\/media\/2696"}],"wp:attachment":[{"href":"https:\/\/personalenduro.com\/en\/wp-json\/wp\/v2\/media?parent=364"}],"wp:term":[{"taxonomy":"category","embeddable":true,"href":"https:\/\/personalenduro.com\/en\/wp-json\/wp\/v2\/categories?post=364"},{"taxonomy":"post_tag","embeddable":true,"href":"https:\/\/personalenduro.com\/en\/wp-json\/wp\/v2\/tags?post=364"}],"curies":[{"name":"wp","href":"https:\/\/api.w.org\/{rel}","templated":true}]}}